{"id":373,"date":"2025-10-02T09:10:19","date_gmt":"2025-10-02T09:10:19","guid":{"rendered":"https:\/\/adicuidados.com\/2025\/?page_id=373"},"modified":"2025-11-12T12:13:33","modified_gmt":"2025-11-12T12:13:33","slug":"cuidadors","status":"publish","type":"page","link":"https:\/\/adicuidados.com\/ca\/servicis\/cuidadors\/","title":{"rendered":"Cuidadors"},"content":{"rendered":"<p>[et_pb_section fb_built=&#8221;1&#8243; _builder_version=&#8221;4.27.4&#8243; _module_preset=&#8221;default&#8221; custom_padding=&#8221;||||false|false&#8221; global_colors_info=&#8221;{}&#8221;][et_pb_row _builder_version=&#8221;4.27.4&#8243; _module_preset=&#8221;default&#8221; custom_padding=&#8221;10px||10px||true|false&#8221; global_colors_info=&#8221;{}&#8221;][et_pb_column type=&#8221;4_4&#8243; _builder_version=&#8221;4.27.4&#8243; _module_preset=&#8221;default&#8221; global_colors_info=&#8221;{}&#8221;][et_pb_text _builder_version=&#8221;4.27.4&#8243; _module_preset=&#8221;default&#8221; header_font=&#8221;|700|||||||&#8221; header_text_color=&#8221;#48B0B6&#8243; header_font_size=&#8221;36px&#8221; text_orientation=&#8221;right&#8221; hover_enabled=&#8221;0&#8243; header_text_align_tablet=&#8221;left&#8221; header_text_align_phone=&#8221;left&#8221; header_text_align_last_edited=&#8221;on|phone&#8221; header_font_size_tablet=&#8221;30px&#8221; header_font_size_phone=&#8221;25px&#8221; header_font_size_last_edited=&#8221;on|tablet&#8221; global_colors_info=&#8221;{}&#8221; sticky_enabled=&#8221;0&#8243;]<\/p>\n<h1>Servei<i class=\"fa-solid fa-chevron-right\" style=\"font-size: 0.7em;\"><\/i> Cuidadors<\/h1>\n<p>[\/et_pb_text][\/et_pb_column][\/et_pb_row][et_pb_row _builder_version=&#8221;4.27.4&#8243; _module_preset=&#8221;default&#8221; global_colors_info=&#8221;{}&#8221;][et_pb_column type=&#8221;4_4&#8243; _builder_version=&#8221;4.27.4&#8243; _module_preset=&#8221;default&#8221; global_colors_info=&#8221;{}&#8221;][et_pb_text _builder_version=&#8221;4.27.4&#8243; _module_preset=&#8221;default&#8221; header_3_font=&#8221;|700|||||||&#8221; global_colors_info=&#8221;{}&#8221;]<\/p>\n<h3 style=\"margin-bottom: 10px;\">SERVEIS PER HORES<\/h3>\n<p><i class=\"fa-solid fa-stop\"><\/i>\u00a0Tu decideixes <strong>quan i per quant de temps<\/strong> necessites suport: unes hores al dia, a la setmana o en moments puntuals. <\/p>\n<p><i class=\"fa-solid fa-stop\"><\/i>\u00a0Adequat per a l&#8217;acompanyament en <strong>ingressos hospitalaris<\/strong>. <\/p>\n<p><i class=\"fa-solid fa-stop\"><\/i>\u00a0Nosaltres posem a disposici\u00f3 vostra <strong>cuidadors qualificats<\/strong>, compromesos i de total confian\u00e7a, que s&#8217;encarregaran d&#8217;oferir atenci\u00f3 personalitzada a la llar o on el necessiteu.<\/p>\n<p>[\/et_pb_text][et_pb_text _builder_version=&#8221;4.27.4&#8243; _module_preset=&#8221;default&#8221; header_3_font=&#8221;|700|||||||&#8221; custom_margin=&#8221;50px||||false|false&#8221; global_colors_info=&#8221;{}&#8221;]<\/p>\n<h3 style=\"margin-bottom: 10px;\">SERVEI INTERN<\/h3>\n<p><i class=\"fa-solid fa-stop\"><\/i>\u00a0<strong>Atenci\u00f3 integral i permanent<\/strong> dins de la llar, dissenyada per garantir seguretat, companyia i benestar les 24 hores del dia. <\/p>\n<p><i class=\"fa-solid fa-stop\"><\/i>\u00a0<strong>Especialment adequat<\/strong> per a persones grans, dependents o amb malalties cr\u00f2niques que necessiten suport diari al seu entorn habitual. <\/p>\n<p><i class=\"fa-solid fa-stop\"><\/i>\u00a0<strong>Atenci\u00f3 de qualitat<\/strong>, ja que comptem amb professionals formats i amb la capacitat d&#8217;integrar-se a la llar: aquest \u00e9s el valor afegit que garanteix una cura interna de qualitat, propera i constant. <\/p>\n<p><i class=\"fa-solid fa-stop\"><\/i>\u00a0<strong>Sense canvis dr\u00e0stics en la teva rutina di\u00e0ria<\/strong>, i amb el suport del nostre comprom\u00eds en la cura humana i professional.<\/p>\n<p>[\/et_pb_text][\/et_pb_column][\/et_pb_row][et_pb_row _builder_version=&#8221;4.27.4&#8243; _module_preset=&#8221;default&#8221; custom_padding=&#8221;||0px||false|false&#8221; global_colors_info=&#8221;{}&#8221;][et_pb_column type=&#8221;4_4&#8243; _builder_version=&#8221;4.27.4&#8243; _module_preset=&#8221;default&#8221; global_colors_info=&#8221;{}&#8221;][et_pb_slider show_arrows=&#8221;off&#8221; show_pagination=&#8221;off&#8221; _builder_version=&#8221;4.27.4&#8243; _module_preset=&#8221;default&#8221; min_height=&#8221;480px&#8221; auto=&#8221;on&#8221; global_colors_info=&#8221;{}&#8221;][et_pb_slide _builder_version=&#8221;4.27.4&#8243; _module_preset=&#8221;default&#8221; background_enable_color=&#8221;off&#8221; background_image=&#8221;https:\/\/adicuidados.com\/wp-content\/uploads\/2025\/10\/ADI-cuidadores-slider-1.jpg&#8221; background_enable_image=&#8221;on&#8221; global_colors_info=&#8221;{}&#8221; sticky_transition=&#8221;on&#8221;][\/et_pb_slide][et_pb_slide _builder_version=&#8221;4.27.4&#8243; _module_preset=&#8221;default&#8221; background_enable_color=&#8221;off&#8221; background_image=&#8221;https:\/\/adicuidados.com\/wp-content\/uploads\/2025\/10\/ADI-cuidadores-slider-2.jpg&#8221; background_enable_image=&#8221;on&#8221; global_colors_info=&#8221;{}&#8221; sticky_transition=&#8221;on&#8221;][\/et_pb_slide][et_pb_slide _builder_version=&#8221;4.27.4&#8243; _module_preset=&#8221;default&#8221; background_enable_color=&#8221;off&#8221; background_image=&#8221;https:\/\/adicuidados.com\/wp-content\/uploads\/2025\/10\/ADI-cuidadores-slider-3.jpg&#8221; background_enable_image=&#8221;on&#8221; global_colors_info=&#8221;{}&#8221; sticky_transition=&#8221;on&#8221;][\/et_pb_slide][et_pb_slide _builder_version=&#8221;4.27.4&#8243; _module_preset=&#8221;default&#8221; background_enable_color=&#8221;off&#8221; background_image=&#8221;https:\/\/adicuidados.com\/wp-content\/uploads\/2025\/10\/ADI-cuidadores-slider-4.jpg&#8221; background_enable_image=&#8221;on&#8221; global_colors_info=&#8221;{}&#8221; sticky_transition=&#8221;on&#8221;][\/et_pb_slide][et_pb_slide _builder_version=&#8221;4.27.4&#8243; _module_preset=&#8221;default&#8221; background_enable_color=&#8221;off&#8221; background_image=&#8221;https:\/\/adicuidados.com\/wp-content\/uploads\/2025\/10\/ADI-cuidadores-slider-5.jpg&#8221; background_enable_image=&#8221;on&#8221; global_colors_info=&#8221;{}&#8221; sticky_transition=&#8221;on&#8221;][\/et_pb_slide][et_pb_slide _builder_version=&#8221;4.27.4&#8243; _module_preset=&#8221;default&#8221; background_enable_color=&#8221;off&#8221; background_image=&#8221;https:\/\/adicuidados.com\/wp-content\/uploads\/2025\/10\/ADI-cuidadores-slider-6.jpg&#8221; background_enable_image=&#8221;on&#8221; global_colors_info=&#8221;{}&#8221; sticky_transition=&#8221;on&#8221;][\/et_pb_slide][\/et_pb_slider][\/et_pb_column][\/et_pb_row][et_pb_row _builder_version=&#8221;4.27.4&#8243; _module_preset=&#8221;default&#8221; custom_padding=&#8221;0px||||false|false&#8221; global_colors_info=&#8221;{}&#8221;][et_pb_column type=&#8221;4_4&#8243; _builder_version=&#8221;4.27.4&#8243; _module_preset=&#8221;default&#8221; global_colors_info=&#8221;{}&#8221;][et_pb_text _builder_version=&#8221;4.27.4&#8243; _module_preset=&#8221;default&#8221; header_3_font=&#8221;|700|||||||&#8221; custom_margin=&#8221;50px||||false|false&#8221; global_colors_info=&#8221;{}&#8221;]<\/p>\n<h3 style=\"margin-bottom: 10px;\">SERVEI INTERN: MODALITATS<\/h3>\n<p><i class=\"fa-solid fa-stop\"><\/i>\u00a0<strong>Cura entre setmana:<\/strong> Servei de cuidador des de diumenge a les 21 h fins dissabte a les 9 h. <\/p>\n<p><i class=\"fa-solid fa-stop\"><\/i>\u00a0<strong>Cura en cap de setmana:<\/strong> Servei de cuidador des de dissabte a les 9 h fins diumenge a les 21 h. <\/p>\n<p><i class=\"fa-solid fa-stop\"><\/i>\u00a0<strong>Cura permanent:<\/strong> Servei d&#8217;atenci\u00f3 cont\u00ednua per al qual es requereix contractar dos cuidadors (entre setmana i cap de setmana).<\/p>\n<p>[\/et_pb_text][et_pb_text _builder_version=&#8221;4.27.4&#8243; _module_preset=&#8221;default&#8221; header_3_font=&#8221;|700|||||||&#8221; custom_margin=&#8221;50px||||false|false&#8221; global_colors_info=&#8221;{}&#8221;]<\/p>\n<h3 style=\"margin-bottom: 10px;\">CUIDADOR DE LA TEVA CONFIAN\u00c7A<\/h3>\n<p><strong>Porta el teu cuidador i nosaltres ho gestionem tot per tu. <\/strong><\/p>\n<p><i class=\"fa-solid fa-stop\"><\/i>\u00a0<strong>Formaci\u00f3:<\/strong> Oferim al teu cuidador\/a formaci\u00f3 i sensibilitzaci\u00f3 en protocols d\u2019atenci\u00f3 domicili\u00e0ria. <\/p>\n<p><i class=\"fa-solid fa-stop\"><\/i><strong>\u00a0Alta en Seguretat Social:<\/strong> Registrem el teu cuidador\/a com a empleat o empleada de la llar.<\/p>\n<p><i class=\"fa-solid fa-stop\"><\/i><strong>\u00a0Contracte legal:<\/strong> Redactem i formalitzem el contracte segons la llei. <\/p>\n<p><i class=\"fa-solid fa-stop\"><\/i><strong>\u00a0N\u00f2mines mensuals:<\/strong> Elaborem i enviem la n\u00f2mina cada mes. <\/p>\n<p><i class=\"fa-solid fa-stop\"><\/i><strong>\u00a0Gesti\u00f3 de vacances i baixes:<\/strong> Portem control d&#8217;abs\u00e8ncies, permisos, etc. <\/p>\n<p><i class=\"fa-solid fa-stop\"><\/i><strong>\u00a0Liquidacions i acomiadaments:<\/strong> Assessorament complet si finalitza la relaci\u00f3 laboral. <\/p>\n<p><i class=\"fa-solid fa-stop\"><\/i>\u00a0<strong>Compliment legal:<\/strong> Ens assegurem que es compleix tota la normativa vigent.<\/p>\n<p>[\/et_pb_text][\/et_pb_column][\/et_pb_row][\/et_pb_section]<\/p>\n","protected":false},"excerpt":{"rendered":"<p>Servei CuidadorsSERVEIS PER HORES \u00a0Tu decideixes quan i per quant de temps necessites suport: unes hores al dia, a la setmana o en moments puntuals. \u00a0Adequat per a l&#8217;acompanyament en ingressos hospitalaris. \u00a0Nosaltres posem a disposici\u00f3 vostra cuidadors qualificats, compromesos i de total confian\u00e7a, que s&#8217;encarregaran d&#8217;oferir atenci\u00f3 personalitzada a la llar o on el [&hellip;]<\/p>\n","protected":false},"author":1,"featured_media":0,"parent":405,"menu_order":0,"comment_status":"closed","ping_status":"closed","template":"","meta":{"_et_pb_use_builder":"on","_et_pb_old_content":"","_et_gb_content_width":"","footnotes":""},"class_list":["post-373","page","type-page","status-publish","hentry"],"_links":{"self":[{"href":"https:\/\/adicuidados.com\/ca\/wp-json\/wp\/v2\/pages\/373","targetHints":{"allow":["GET"]}}],"collection":[{"href":"https:\/\/adicuidados.com\/ca\/wp-json\/wp\/v2\/pages"}],"about":[{"href":"https:\/\/adicuidados.com\/ca\/wp-json\/wp\/v2\/types\/page"}],"author":[{"embeddable":true,"href":"https:\/\/adicuidados.com\/ca\/wp-json\/wp\/v2\/users\/1"}],"replies":[{"embeddable":true,"href":"https:\/\/adicuidados.com\/ca\/wp-json\/wp\/v2\/comments?post=373"}],"version-history":[{"count":5,"href":"https:\/\/adicuidados.com\/ca\/wp-json\/wp\/v2\/pages\/373\/revisions"}],"predecessor-version":[{"id":381,"href":"https:\/\/adicuidados.com\/ca\/wp-json\/wp\/v2\/pages\/373\/revisions\/381"}],"up":[{"embeddable":true,"href":"https:\/\/adicuidados.com\/ca\/wp-json\/wp\/v2\/pages\/405"}],"wp:attachment":[{"href":"https:\/\/adicuidados.com\/ca\/wp-json\/wp\/v2\/media?parent=373"}],"curies":[{"name":"wp","href":"https:\/\/api.w.org\/{rel}","templated":true}]}}