{"id":379,"date":"2025-10-02T09:10:51","date_gmt":"2025-10-02T09:10:51","guid":{"rendered":"https:\/\/adicuidados.com\/2025\/?page_id=379"},"modified":"2025-11-12T12:20:15","modified_gmt":"2025-11-12T12:20:15","slug":"sad","status":"publish","type":"page","link":"https:\/\/adicuidados.com\/ca\/servicis\/sad\/","title":{"rendered":"SAD"},"content":{"rendered":"<p>[et_pb_section fb_built=&#8221;1&#8243; _builder_version=&#8221;4.27.4&#8243; _module_preset=&#8221;default&#8221; custom_padding=&#8221;||||false|false&#8221; global_colors_info=&#8221;{}&#8221;][et_pb_row _builder_version=&#8221;4.27.4&#8243; _module_preset=&#8221;default&#8221; custom_padding=&#8221;10px||10px||true|false&#8221; global_colors_info=&#8221;{}&#8221;][et_pb_column type=&#8221;4_4&#8243; _builder_version=&#8221;4.27.4&#8243; _module_preset=&#8221;default&#8221; global_colors_info=&#8221;{}&#8221;][et_pb_text _builder_version=&#8221;4.27.4&#8243; _module_preset=&#8221;default&#8221; header_font=&#8221;|700|||||||&#8221; header_text_color=&#8221;#48B0B6&#8243; header_font_size=&#8221;36px&#8221; text_orientation=&#8221;right&#8221; hover_enabled=&#8221;0&#8243; header_text_align_tablet=&#8221;left&#8221; header_text_align_phone=&#8221;left&#8221; header_text_align_last_edited=&#8221;on|tablet&#8221; header_font_size_tablet=&#8221;30px&#8221; header_font_size_phone=&#8221;26px&#8221; header_font_size_last_edited=&#8221;on|phone&#8221; global_colors_info=&#8221;{}&#8221; sticky_enabled=&#8221;0&#8243;]<\/p>\n<h1>Serveis <i class=\"fa-solid fa-chevron-right\" style=\"font-size: 0.7em;\"><\/i>  SAD<\/h1>\n<p>[\/et_pb_text][\/et_pb_column][\/et_pb_row][et_pb_row _builder_version=&#8221;4.27.4&#8243; _module_preset=&#8221;default&#8221; global_colors_info=&#8221;{}&#8221;][et_pb_column type=&#8221;4_4&#8243; _builder_version=&#8221;4.27.4&#8243; _module_preset=&#8221;default&#8221; global_colors_info=&#8221;{}&#8221;][et_pb_text _builder_version=&#8221;4.27.4&#8243; _module_preset=&#8221;default&#8221; header_3_font=&#8221;|700|||||||&#8221; hover_enabled=&#8221;0&#8243; global_colors_info=&#8221;{}&#8221; sticky_enabled=&#8221;0&#8243;]<\/p>\n<h3 style=\"margin-bottom: 10px;\">QU\u00c8 \u00c9S EL SAD?<\/h3>\n<p>\u00c9s una modalitat de prestaci\u00f3 social inclosa al cat\u00e0leg de serveis i prestacions a persones en situaci\u00f3 de depend\u00e8ncia i regulada per la <strong>Llei de Depend\u00e8ncia<\/strong> del Govern d&#8217;Arag\u00f3<\/p>\n<p>Ofereix atenci\u00f3 personal, dom\u00e8stica i de suport social a persones en situaci\u00f3 de depend\u00e8ncia al seu domicili habitual.<\/p>\n<p>[\/et_pb_text][et_pb_text _builder_version=&#8221;4.27.4&#8243; _module_preset=&#8221;default&#8221; header_3_font=&#8221;|700|||||||&#8221; custom_margin=&#8221;50px||||false|false&#8221; hover_enabled=&#8221;0&#8243; global_colors_info=&#8221;{}&#8221; sticky_enabled=&#8221;0&#8243;]<\/p>\n<h3 style=\"margin-bottom: 10px;\">QUI POT BENEFICIAR-SE?<\/h3>\n<p><strong>Persones amb resoluci\u00f3 de depend\u00e8ncia<\/strong> (grau I, II o III) reconeguda per l\u2019Institut Aragon\u00e8s de Serveis Socials.<\/p>\n<p>[\/et_pb_text][et_pb_text _builder_version=&#8221;4.27.4&#8243; _module_preset=&#8221;default&#8221; header_3_font=&#8221;|700|||||||&#8221; custom_margin=&#8221;50px||||false|false&#8221; hover_enabled=&#8221;0&#8243; global_colors_info=&#8221;{}&#8221; sticky_enabled=&#8221;0&#8243;]<\/p>\n<h3 style=\"margin-bottom: 10px;\">QU\u00c8 OFERIM COM A EMPRESA ACREDITADA?<\/h3>\n<p><i class=\"fa-solid fa-stop\"><\/i>\u00a0Intervenci\u00f3 professional adaptada al <strong>Pla Individualitzat d&#8217;Atenci\u00f3<\/strong> (PIA), amb horari flexible segons la resoluci\u00f3 de l&#8217;IASS. <\/p>\n<p><i class=\"fa-solid fa-stop\"><\/i>\u00a0Coordinaci\u00f3 directa amb <strong>IASS<\/strong> i\/o serveis socials municipals. <\/p>\n<p><i class=\"fa-solid fa-stop\"><\/i><strong>\u00a0Personal qualificat:<\/strong> auxiliars d\u2019ajuda a domicili amb formaci\u00f3 espec\u00edfica conforme a la normativa vigent en serveis socials. <\/p>\n<p><i class=\"fa-solid fa-stop\"><\/i>\u00a0<strong>Contractaci\u00f3 directa<\/strong> per ADI segons el que estableix el R\u00e8gim General de la Seguretat Social.<\/p>\n<p>[\/et_pb_text][\/et_pb_column][\/et_pb_row][et_pb_row _builder_version=&#8221;4.27.4&#8243; _module_preset=&#8221;default&#8221; background_color=&#8221;#0097b2&#8243; custom_margin=&#8221;30px||||false|false&#8221; custom_padding=&#8221;0px||0px||true|false&#8221; global_colors_info=&#8221;{}&#8221;][et_pb_column type=&#8221;4_4&#8243; _builder_version=&#8221;4.27.4&#8243; _module_preset=&#8221;default&#8221; global_colors_info=&#8221;{}&#8221;][et_pb_image src=&#8221;https:\/\/adicuidados.com\/wp-content\/uploads\/2025\/10\/ADI-tareas-SAD.jpg&#8221; title_text=&#8221;ADI-tareas-SAD&#8221; align=&#8221;center&#8221; _builder_version=&#8221;4.27.4&#8243; _module_preset=&#8221;default&#8221; global_colors_info=&#8221;{}&#8221;][\/et_pb_image][\/et_pb_column][\/et_pb_row][et_pb_row _builder_version=&#8221;4.27.4&#8243; _module_preset=&#8221;default&#8221; custom_margin=&#8221;30px||||false|false&#8221; global_colors_info=&#8221;{}&#8221;][et_pb_column type=&#8221;4_4&#8243; _builder_version=&#8221;4.27.4&#8243; _module_preset=&#8221;default&#8221; global_colors_info=&#8221;{}&#8221;][et_pb_text _builder_version=&#8221;4.27.4&#8243; _module_preset=&#8221;default&#8221; hover_enabled=&#8221;0&#8243; global_colors_info=&#8221;{}&#8221; sticky_enabled=&#8221;0&#8243;]<\/p>\n<h1>TASQUES INCLOSES AL SAD<\/h1>\n<p>[\/et_pb_text][et_pb_text _builder_version=&#8221;4.27.4&#8243; _module_preset=&#8221;default&#8221; header_3_font=&#8221;|700|||||||&#8221; hover_enabled=&#8221;0&#8243; global_colors_info=&#8221;{}&#8221; sticky_enabled=&#8221;0&#8243;]<\/p>\n<h3 style=\"margin-bottom: 10px;\">NETEJA ESPAIS PERSONALS<\/h3>\n<p>Neteja de la seva habitaci\u00f3, el seu bany, netejar els estris de cuina usats durant el servei. Rentat de la roba i de la roba de llit.<\/p>\n<p>[\/et_pb_text][et_pb_text _builder_version=&#8221;4.27.4&#8243; _module_preset=&#8221;default&#8221; header_3_font=&#8221;|700|||||||&#8221; hover_enabled=&#8221;0&#8243; global_colors_info=&#8221;{}&#8221; sticky_enabled=&#8221;0&#8243;]<\/p>\n<h3 style=\"margin-bottom: 10px;\">ATENCI\u00d3 PERSONAL<\/h3>\n<p>Higiene, vestir-se, endre\u00e7ar-se, mobilitat, socialitzar.<\/p>\n<p>[\/et_pb_text][et_pb_text _builder_version=&#8221;4.27.4&#8243; _module_preset=&#8221;default&#8221; header_3_font=&#8221;|700|||||||&#8221; hover_enabled=&#8221;0&#8243; global_colors_info=&#8221;{}&#8221; sticky_enabled=&#8221;0&#8243;]<\/p>\n<h3 style=\"margin-bottom: 10px;\">SUPERVISI\u00d3 I ACOMPANYAMENT<\/h3>\n<p>Acompanyament a cites m\u00e8diques, passejades, supervisi\u00f3 de la medicaci\u00f3.<\/p>\n<p>[\/et_pb_text][et_pb_text _builder_version=&#8221;4.27.4&#8243; _module_preset=&#8221;default&#8221; header_3_font=&#8221;|700|||||||&#8221; hover_enabled=&#8221;0&#8243; global_colors_info=&#8221;{}&#8221; sticky_enabled=&#8221;0&#8243;]<\/p>\n<h3 style=\"margin-bottom: 10px;\">CURES ASSISTENCIALS<\/h3>\n<p>Cura de grans dependents, mobilitzacions, trasllats i prevenci\u00f3 d&#8217;\u00falceres.<\/p>\n<p>[\/et_pb_text][et_pb_text _builder_version=&#8221;4.27.4&#8243; _module_preset=&#8221;default&#8221; header_3_font=&#8221;|700|||||||&#8221; hover_enabled=&#8221;0&#8243; global_colors_info=&#8221;{}&#8221; sticky_enabled=&#8221;0&#8243;]<\/p>\n<h3 style=\"margin-bottom: 10px;\">NO ES REALITZEN<\/h3>\n<p>Neteja a fons, neteja d&#8217;espais compartits, com passadissos, entrades o bany que no sigui el de l&#8217;usuari.<\/p>\n<p>[\/et_pb_text][et_pb_text _builder_version=&#8221;4.27.4&#8243; _module_preset=&#8221;default&#8221; header_3_font=&#8221;|700|||||||&#8221; hover_enabled=&#8221;0&#8243; global_colors_info=&#8221;{}&#8221; sticky_enabled=&#8221;0&#8243;]<\/p>\n<h3 style=\"margin-bottom: 10px;\">SUPORT A LA VIDA DI\u00c0RIA<\/h3>\n<p>Suport en l\u2019alimentaci\u00f3 i en l\u2019autonomia personal del dependent.<\/p>\n<p>[\/et_pb_text][\/et_pb_column][\/et_pb_row][\/et_pb_section]<\/p>\n","protected":false},"excerpt":{"rendered":"<p>Serveis SADQU\u00c8 \u00c9S EL SAD? \u00c9s una modalitat de prestaci\u00f3 social inclosa al cat\u00e0leg de serveis i prestacions a persones en situaci\u00f3 de depend\u00e8ncia i regulada per la Llei de Depend\u00e8ncia del Govern d&#8217;Arag\u00f3 Ofereix atenci\u00f3 personal, dom\u00e8stica i de suport social a persones en situaci\u00f3 de depend\u00e8ncia al seu domicili habitual.QUI POT BENEFICIAR-SE? Persones [&hellip;]<\/p>\n","protected":false},"author":1,"featured_media":0,"parent":405,"menu_order":1,"comment_status":"closed","ping_status":"closed","template":"","meta":{"_et_pb_use_builder":"on","_et_pb_old_content":"","_et_gb_content_width":"","footnotes":""},"class_list":["post-379","page","type-page","status-publish","hentry"],"_links":{"self":[{"href":"https:\/\/adicuidados.com\/ca\/wp-json\/wp\/v2\/pages\/379","targetHints":{"allow":["GET"]}}],"collection":[{"href":"https:\/\/adicuidados.com\/ca\/wp-json\/wp\/v2\/pages"}],"about":[{"href":"https:\/\/adicuidados.com\/ca\/wp-json\/wp\/v2\/types\/page"}],"author":[{"embeddable":true,"href":"https:\/\/adicuidados.com\/ca\/wp-json\/wp\/v2\/users\/1"}],"replies":[{"embeddable":true,"href":"https:\/\/adicuidados.com\/ca\/wp-json\/wp\/v2\/comments?post=379"}],"version-history":[{"count":3,"href":"https:\/\/adicuidados.com\/ca\/wp-json\/wp\/v2\/pages\/379\/revisions"}],"predecessor-version":[{"id":383,"href":"https:\/\/adicuidados.com\/ca\/wp-json\/wp\/v2\/pages\/379\/revisions\/383"}],"up":[{"embeddable":true,"href":"https:\/\/adicuidados.com\/ca\/wp-json\/wp\/v2\/pages\/405"}],"wp:attachment":[{"href":"https:\/\/adicuidados.com\/ca\/wp-json\/wp\/v2\/media?parent=379"}],"curies":[{"name":"wp","href":"https:\/\/api.w.org\/{rel}","templated":true}]}}