{"id":384,"date":"2025-10-02T09:08:46","date_gmt":"2025-10-02T09:08:46","guid":{"rendered":"https:\/\/adicuidados.com\/2025\/?page_id=384"},"modified":"2025-11-12T12:24:48","modified_gmt":"2025-11-12T12:24:48","slug":"codi-etic","status":"publish","type":"page","link":"https:\/\/adicuidados.com\/ca\/codi-etic\/","title":{"rendered":"Codi \u00e8tic"},"content":{"rendered":"<p>[et_pb_section fb_built=&#8221;1&#8243; _builder_version=&#8221;4.27.4&#8243; _module_preset=&#8221;default&#8221; custom_padding=&#8221;||||false|false&#8221; global_colors_info=&#8221;{}&#8221;][et_pb_row _builder_version=&#8221;4.27.4&#8243; _module_preset=&#8221;default&#8221; custom_padding=&#8221;10px||10px||true|false&#8221; global_colors_info=&#8221;{}&#8221;][et_pb_column type=&#8221;4_4&#8243; _builder_version=&#8221;4.27.4&#8243; _module_preset=&#8221;default&#8221; global_colors_info=&#8221;{}&#8221;][et_pb_text _builder_version=&#8221;4.27.4&#8243; _module_preset=&#8221;default&#8221; header_font=&#8221;|700|||||||&#8221; header_text_color=&#8221;#48B0B6&#8243; header_font_size=&#8221;36px&#8221; text_orientation=&#8221;right&#8221; hover_enabled=&#8221;0&#8243; header_text_align_tablet=&#8221;left&#8221; header_text_align_phone=&#8221;left&#8221; header_text_align_last_edited=&#8221;on|tablet&#8221; header_font_size_tablet=&#8221;30px&#8221; header_font_size_phone=&#8221;25px&#8221; header_font_size_last_edited=&#8221;on|phone&#8221; global_colors_info=&#8221;{}&#8221; sticky_enabled=&#8221;0&#8243;]<\/p>\n<h1>Codi \u00e8tic<\/h1>\n<p>[\/et_pb_text][\/et_pb_column][\/et_pb_row][et_pb_row _builder_version=&#8221;4.27.4&#8243; _module_preset=&#8221;default&#8221; global_colors_info=&#8221;{}&#8221;][et_pb_column type=&#8221;4_4&#8243; _builder_version=&#8221;4.27.4&#8243; _module_preset=&#8221;default&#8221; global_colors_info=&#8221;{}&#8221;][et_pb_slider use_text_overlay=&#8221;on&#8221; _builder_version=&#8221;4.27.4&#8243; _module_preset=&#8221;default&#8221; header_font=&#8221;|700|||||||&#8221; header_font_size=&#8221;25px&#8221; background_image=&#8221;https:\/\/adicuidados.com\/wp-content\/uploads\/2025\/10\/adi-codigo-etico.jpg&#8221; custom_padding=&#8221;40px||40px||true|false&#8221; hover_enabled=&#8221;0&#8243; global_colors_info=&#8221;{}&#8221; sticky_enabled=&#8221;0&#8243;][et_pb_slide heading=&#8221;A l&#8217;ajuda a domicili es produeix una relaci\u00f3 molt estreta entre cuidador\/a i persona usu\u00e0ria. \u00c9s per aix\u00f2 que el compliment d\u2019un Codi \u00c8tic ens sembla imprescindible.&#8221; _builder_version=&#8221;4.27.4&#8243; _module_preset=&#8221;default&#8221; header_level=&#8221;h2&#8243; custom_padding_tablet=&#8221;&#8221; custom_padding_phone=&#8221;|0px||0px|false|true&#8221; custom_padding_last_edited=&#8221;on|phone&#8221; hover_enabled=&#8221;0&#8243; header_font_size_tablet=&#8221;18px&#8221; header_font_size_phone=&#8221;18px&#8221; header_font_size_last_edited=&#8221;on|phone&#8221; global_colors_info=&#8221;{}&#8221; sticky_transition=&#8221;on&#8221; sticky_enabled=&#8221;0&#8243;][\/et_pb_slide][\/et_pb_slider][\/et_pb_column][\/et_pb_row][et_pb_row _builder_version=&#8221;4.27.4&#8243; _module_preset=&#8221;default&#8221; global_colors_info=&#8221;{}&#8221;][et_pb_column type=&#8221;4_4&#8243; _builder_version=&#8221;4.27.4&#8243; _module_preset=&#8221;default&#8221; global_colors_info=&#8221;{}&#8221;][et_pb_text _builder_version=&#8221;4.27.4&#8243; _module_preset=&#8221;default&#8221; header_3_font=&#8221;|700|||||||&#8221; hover_enabled=&#8221;0&#8243; global_colors_info=&#8221;{}&#8221; sticky_enabled=&#8221;0&#8243;]<\/p>\n<p><i class=\"fa-solid fa-stop\"><\/i>\u00a0Potenciar tant com sigui possible la seva autonomia i la seva independ\u00e8ncia per prendre decisions sobre la seva pr\u00f2pia vida i no substituint-lo en tasques que pugui desenvolupar de manera aut\u00f2noma. <\/p>\n<p><i class=\"fa-solid fa-stop\"><\/i>\u00a0Respecte per la seva intimitat. <\/p>\n<p><i class=\"fa-solid fa-stop\"><\/i>\u00a0M\u00e0xima discreci\u00f3 en el desenvolupament del treball, evitant comentaris personals i mantenint una actitud imparcial, sense emetre judicis. <\/p>\n<p><i class=\"fa-solid fa-stop\"><\/i>\u00a0No fer comentaris sobre cap persona usu\u00e0ria. <\/p>\n<p><i class=\"fa-solid fa-stop\"><\/i>\u00a0Absolut compliment del secret professional, tenint cura de la confidencialitat de tota la informaci\u00f3 personal, m\u00e8dica, i sobre qualsevol aspecte familiar, fins i tot una vegada finalitzada la relaci\u00f3 professional. <\/p>\n<p><i class=\"fa-solid fa-stop\"><\/i>\u00a0No variar l\u2019ordre dels objectes del domicili sense consultar. <\/p>\n<p><i class=\"fa-solid fa-stop\"><\/i>\u00a0Tenir cura dels objectes i els b\u00e9ns del domicili que s&#8217;at\u00e9n. <\/p>\n<p><i class=\"fa-solid fa-stop\"><\/i>\u00a0Evitar despeses innecess\u00e0ries per a l\u2019economia familiar de l\u2019usuari. <\/p>\n<p><i class=\"fa-solid fa-stop\"><\/i>\u00a0No acceptar propines, regals, ni favors dels usuaris. <\/p>\n<p><i class=\"fa-solid fa-stop\"><\/i>\u00a0Mantenir una comunicaci\u00f3 clara i fluida amb la persona usu\u00e0ria i\/o la fam\u00edlia. <\/p>\n<p><i class=\"fa-solid fa-stop\"><\/i>\u00a0Oferir una actitud propera i de confian\u00e7a, amb empatia i sense faltes de respecte ni paternalismes. <\/p>\n<p><i class=\"fa-solid fa-stop\"><\/i>\u00a0Mantenir una actitud de desig de millora dels coneixements i la formaci\u00f3, buscant la bona feina dels procediments i de les t\u00e8cniques que s&#8217;utilitzen. <\/p>\n<p><i class=\"fa-solid fa-stop\"><\/i>\u00a0Tracte respectu\u00f3s cap al\/la cuidador\/a per part de la persona usu\u00e0ria i de la seva fam\u00edlia.<\/p>\n<p>[\/et_pb_text][\/et_pb_column][\/et_pb_row][\/et_pb_section]<\/p>\n","protected":false},"excerpt":{"rendered":"<p>Codi \u00e8tic\u00a0Potenciar tant com sigui possible la seva autonomia i la seva independ\u00e8ncia per prendre decisions sobre la seva pr\u00f2pia vida i no substituint-lo en tasques que pugui desenvolupar de manera aut\u00f2noma. \u00a0Respecte per la seva intimitat. \u00a0M\u00e0xima discreci\u00f3 en el desenvolupament del treball, evitant comentaris personals i mantenint una actitud imparcial, sense emetre judicis. [&hellip;]<\/p>\n","protected":false},"author":1,"featured_media":0,"parent":0,"menu_order":2,"comment_status":"closed","ping_status":"closed","template":"","meta":{"_et_pb_use_builder":"on","_et_pb_old_content":"","_et_gb_content_width":"","footnotes":""},"class_list":["post-384","page","type-page","status-publish","hentry"],"_links":{"self":[{"href":"https:\/\/adicuidados.com\/ca\/wp-json\/wp\/v2\/pages\/384","targetHints":{"allow":["GET"]}}],"collection":[{"href":"https:\/\/adicuidados.com\/ca\/wp-json\/wp\/v2\/pages"}],"about":[{"href":"https:\/\/adicuidados.com\/ca\/wp-json\/wp\/v2\/types\/page"}],"author":[{"embeddable":true,"href":"https:\/\/adicuidados.com\/ca\/wp-json\/wp\/v2\/users\/1"}],"replies":[{"embeddable":true,"href":"https:\/\/adicuidados.com\/ca\/wp-json\/wp\/v2\/comments?post=384"}],"version-history":[{"count":2,"href":"https:\/\/adicuidados.com\/ca\/wp-json\/wp\/v2\/pages\/384\/revisions"}],"predecessor-version":[{"id":386,"href":"https:\/\/adicuidados.com\/ca\/wp-json\/wp\/v2\/pages\/384\/revisions\/386"}],"wp:attachment":[{"href":"https:\/\/adicuidados.com\/ca\/wp-json\/wp\/v2\/media?parent=384"}],"curies":[{"name":"wp","href":"https:\/\/api.w.org\/{rel}","templated":true}]}}